{"id":1307,"date":"2023-11-23T15:37:16","date_gmt":"2023-11-23T15:37:16","guid":{"rendered":"https:\/\/imel.rs\/kontakt\/"},"modified":"2024-02-08T21:59:40","modified_gmt":"2024-02-08T21:59:40","slug":"contact","status":"publish","type":"page","link":"https:\/\/imel.rs\/en\/contact\/","title":{"rendered":"Contact"},"content":{"rendered":"\n<div class=\"wp-block-group page-contact\"><div class=\"wp-block-group__inner-container is-layout-constrained wp-block-group-is-layout-constrained\">\n<div class=\"wp-block-columns is-layout-flex wp-container-core-columns-is-layout-9d6595d7 wp-block-columns-is-layout-flex\">\n<div class=\"wp-block-column info is-layout-flow wp-block-column-is-layout-flow\"><p class=\"tel\"><span class=\"d-none d-md-block\">+381 11 20 18 900<\/span><span class=\"d-block d-md-none\"><a href=\"tel:+381112018900\">+381 11 20 18 900<\/a><\/span><\/p>\n\n    <p class=\"mail\">\n        <a href=\"mailto:office@imel.rs\">office@imel.rs<\/a>\n    <\/p>\n\n\n<p class=\"address\">Zorana \u0110in\u0111i\u0107a Boulevard 2a 11070, New Belgrade<\/p><hr class=\"mt-5\"><strong>IMEL Sales<\/strong><p class=\"tel\"><span class=\"d-none d-md-block\">+381 63 40 80 60<\/span><span class=\"d-block d-md-none\"><a href=\"tel:+38163408060\">+381 63 40 80 60<\/a><\/span><span class=\"d-none d-md-block\">+381 11 20 18 917<\/span><span class=\"d-block d-md-none\"><a href=\"tel:+381112018917\">+381 11 20 18 917<\/a><\/span><\/p><\/div>\n\n\n\n<div class=\"wp-block-column is-vertically-aligned-bottom form is-layout-flow wp-block-column-is-layout-flow\">\n<div class=\"wp-block-contact-form-7-contact-form-selector\">\n<div class=\"wpcf7 no-js\" id=\"wpcf7-f1304-o1\" lang=\"sr-RS\" dir=\"ltr\" data-wpcf7-id=\"1304\">\n<div class=\"screen-reader-response\"><p role=\"status\" aria-live=\"polite\" aria-atomic=\"true\"><\/p> <ul><\/ul><\/div>\n<form action=\"\/en\/wp-json\/wp\/v2\/pages\/1307#wpcf7-f1304-o1\" method=\"post\" class=\"wpcf7-form init b8b3ef51c916 cmatic-conn cmatic-aud-2 cmatic-mapd0-0 cmatic-v0976 cmatic-sent-0 cmatic-total-173\" aria-label=\"Contact form\" novalidate=\"novalidate\" data-status=\"init\">\n<fieldset class=\"hidden-fields-container\"><input type=\"hidden\" name=\"_wpcf7\" value=\"1304\" \/><input type=\"hidden\" name=\"_wpcf7_version\" value=\"6.1.5\" \/><input type=\"hidden\" name=\"_wpcf7_locale\" value=\"sr_RS\" \/><input type=\"hidden\" name=\"_wpcf7_unit_tag\" value=\"wpcf7-f1304-o1\" \/><input type=\"hidden\" name=\"_wpcf7_container_post\" value=\"0\" \/><input type=\"hidden\" name=\"_wpcf7_posted_data_hash\" value=\"\" \/><input type=\"hidden\" name=\"_wpcf7_recaptcha_response\" value=\"\" \/>\n<\/fieldset>\n<div class=\"contact-form-div\">\n\t<p><label> Name and Surname <span class=\"wpcf7-form-control-wrap\" data-name=\"your-name\"><input size=\"40\" maxlength=\"400\" class=\"wpcf7-form-control wpcf7-text wpcf7-validates-as-required\" autocomplete=\"name\" aria-required=\"true\" aria-invalid=\"false\" placeholder=\"Enter your name and surname\" value=\"\" type=\"text\" name=\"your-name\" \/><\/span> <\/label><label> Phone Number <span class=\"wpcf7-form-control-wrap\" data-name=\"your-tel\"><input size=\"40\" maxlength=\"400\" class=\"wpcf7-form-control wpcf7-tel wpcf7-text wpcf7-validates-as-tel\" aria-invalid=\"false\" placeholder=\"Enter your phone number\" value=\"\" type=\"tel\" name=\"your-tel\" \/><\/span> <\/label>\n\t<\/p>\n<\/div>\n<p><label>E-mail <span class=\"wpcf7-form-control-wrap\" data-name=\"your-email\"><input size=\"40\" maxlength=\"400\" class=\"wpcf7-form-control wpcf7-email wpcf7-validates-as-required wpcf7-text wpcf7-validates-as-email\" autocomplete=\"email\" aria-required=\"true\" aria-invalid=\"false\" placeholder=\"Enter your e-mail\" value=\"\" type=\"email\" name=\"your-email\" \/><\/span> <\/label>\n<\/p>\n<p><label>Message <span class=\"wpcf7-form-control-wrap\" data-name=\"your-message\"><textarea cols=\"40\" rows=\"10\" maxlength=\"2000\" class=\"wpcf7-form-control wpcf7-textarea shadow-none\" aria-invalid=\"false\" placeholder=\"Enter your message\" name=\"your-message\"><\/textarea><\/span> <\/label>\n<\/p>\n<p><span id=\"wpcf7-69e5b06e0c8da-wrapper\" class=\"wpcf7-form-control-wrap email-wrap\" style=\"display:none !important; visibility:hidden !important;\"><label for=\"wpcf7-69e5b06e0c8da-field\" class=\"hp-message\">Please leave this field empty.<\/label><input id=\"wpcf7-69e5b06e0c8da-field\"  class=\"wpcf7-form-control wpcf7-text\" type=\"text\" name=\"email\" value=\"\" size=\"40\" tabindex=\"-1\" autocomplete=\"new-password\" \/><\/span>\n<\/p>\n<p><input class=\"wpcf7-form-control wpcf7-submit has-spinner\" type=\"submit\" value=\"Send\" \/>\n<\/p><div class=\"wpcf7-response-output\" aria-hidden=\"true\"><\/div>\n<\/form>\n<\/div>\n<\/div>\n<\/div>\n<\/div>\n<\/div><\/div>\n","protected":false},"excerpt":{"rendered":"","protected":false},"author":1,"featured_media":0,"parent":0,"menu_order":0,"comment_status":"closed","ping_status":"closed","template":"","meta":{"_acf_changed":false,"_lmt_disableupdate":"","_lmt_disable":"","footnotes":""},"class_list":["post-1307","page","type-page","status-publish","hentry"],"acf":[],"yoast_head":"<!-- This site is optimized with the Yoast SEO plugin v27.2 - https:\/\/yoast.com\/product\/yoast-seo-wordpress\/ -->\n<title>Imel - Quality. Character. Tradition. Engineering and Real Estate<\/title>\n<meta name=\"description\" content=\"Since 1981, IMEL has been a trailblazer in engineering and strategic real estate development, shaping urban landscapes with over four decades of experience.\" \/>\n<meta name=\"robots\" content=\"index, follow, max-snippet:-1, max-image-preview:large, max-video-preview:-1\" \/>\n<link rel=\"canonical\" href=\"https:\/\/imel.rs\/en\/contact\/\" \/>\n<meta property=\"og:locale\" content=\"sr_RS\" \/>\n<meta property=\"og:type\" content=\"article\" \/>\n<meta property=\"og:title\" content=\"Imel - Quality. Character. Tradition. Engineering and Real Estate\" \/>\n<meta property=\"og:description\" content=\"Since 1981, IMEL has been a trailblazer in engineering and strategic real estate development, shaping urban landscapes with over four decades of experience.\" \/>\n<meta property=\"og:url\" content=\"https:\/\/imel.rs\/en\/contact\/\" \/>\n<meta property=\"og:site_name\" content=\"Imel\" \/>\n<meta property=\"article:modified_time\" content=\"2024-02-08T21:59:40+00:00\" \/>\n<meta property=\"og:image\" content=\"https:\/\/imel.rs\/wp-content\/uploads\/2024\/01\/Imel3-600x314.jpg\" \/>\n<meta name=\"twitter:card\" content=\"summary_large_image\" \/>\n<meta name=\"twitter:label1\" content=\"Est. reading time\" \/>\n\t<meta name=\"twitter:data1\" content=\"1 minute\" \/>\n<script type=\"application\/ld+json\" class=\"yoast-schema-graph\">{\"@context\":\"https:\/\/schema.org\",\"@graph\":[{\"@type\":\"WebPage\",\"@id\":\"https:\/\/imel.rs\/en\/contact\/\",\"url\":\"https:\/\/imel.rs\/en\/contact\/\",\"name\":\"Imel - Quality. Character. Tradition. Engineering and Real Estate\",\"isPartOf\":{\"@id\":\"https:\/\/imel.rs\/en\/#website\"},\"datePublished\":\"2023-11-23T15:37:16+00:00\",\"dateModified\":\"2024-02-08T21:59:40+00:00\",\"description\":\"Since 1981, IMEL has been a trailblazer in engineering and strategic real estate development, shaping urban landscapes with over four decades of experience.\",\"breadcrumb\":{\"@id\":\"https:\/\/imel.rs\/en\/contact\/#breadcrumb\"},\"inLanguage\":\"en-US\",\"potentialAction\":[{\"@type\":\"ReadAction\",\"target\":[\"https:\/\/imel.rs\/en\/contact\/\"]}]},{\"@type\":\"BreadcrumbList\",\"@id\":\"https:\/\/imel.rs\/en\/contact\/#breadcrumb\",\"itemListElement\":[{\"@type\":\"ListItem\",\"position\":1,\"name\":\"Po\u010detna\",\"item\":\"https:\/\/imel.rs\/en\/\"},{\"@type\":\"ListItem\",\"position\":2,\"name\":\"Contact\"}]},{\"@type\":\"WebSite\",\"@id\":\"https:\/\/imel.rs\/en\/#website\",\"url\":\"https:\/\/imel.rs\/en\/\",\"name\":\"Imel\",\"description\":\"\",\"potentialAction\":[{\"@type\":\"SearchAction\",\"target\":{\"@type\":\"EntryPoint\",\"urlTemplate\":\"https:\/\/imel.rs\/en\/?s={search_term_string}\"},\"query-input\":{\"@type\":\"PropertyValueSpecification\",\"valueRequired\":true,\"valueName\":\"search_term_string\"}}],\"inLanguage\":\"en-US\"}]}<\/script>\n<!-- \/ Yoast SEO plugin. -->","yoast_head_json":{"title":"Imel - Quality. Character. Tradition. Engineering and Real Estate","description":"Since 1981, IMEL has been a trailblazer in engineering and strategic real estate development, shaping urban landscapes with over four decades of experience.","robots":{"index":"index","follow":"follow","max-snippet":"max-snippet:-1","max-image-preview":"max-image-preview:large","max-video-preview":"max-video-preview:-1"},"canonical":"https:\/\/imel.rs\/en\/contact\/","og_locale":"sr_RS","og_type":"article","og_title":"Imel - Quality. Character. Tradition. Engineering and Real Estate","og_description":"Since 1981, IMEL has been a trailblazer in engineering and strategic real estate development, shaping urban landscapes with over four decades of experience.","og_url":"https:\/\/imel.rs\/en\/contact\/","og_site_name":"Imel","article_modified_time":"2024-02-08T21:59:40+00:00","og_image":[{"url":"https:\/\/imel.rs\/wp-content\/uploads\/2024\/01\/Imel3-600x314.jpg","type":"","width":"","height":""}],"twitter_card":"summary_large_image","twitter_misc":{"Est. reading time":"1 minute"},"schema":{"@context":"https:\/\/schema.org","@graph":[{"@type":"WebPage","@id":"https:\/\/imel.rs\/en\/contact\/","url":"https:\/\/imel.rs\/en\/contact\/","name":"Imel - Quality. Character. Tradition. Engineering and Real Estate","isPartOf":{"@id":"https:\/\/imel.rs\/en\/#website"},"datePublished":"2023-11-23T15:37:16+00:00","dateModified":"2024-02-08T21:59:40+00:00","description":"Since 1981, IMEL has been a trailblazer in engineering and strategic real estate development, shaping urban landscapes with over four decades of experience.","breadcrumb":{"@id":"https:\/\/imel.rs\/en\/contact\/#breadcrumb"},"inLanguage":"en-US","potentialAction":[{"@type":"ReadAction","target":["https:\/\/imel.rs\/en\/contact\/"]}]},{"@type":"BreadcrumbList","@id":"https:\/\/imel.rs\/en\/contact\/#breadcrumb","itemListElement":[{"@type":"ListItem","position":1,"name":"Po\u010detna","item":"https:\/\/imel.rs\/en\/"},{"@type":"ListItem","position":2,"name":"Contact"}]},{"@type":"WebSite","@id":"https:\/\/imel.rs\/en\/#website","url":"https:\/\/imel.rs\/en\/","name":"Imel","description":"","potentialAction":[{"@type":"SearchAction","target":{"@type":"EntryPoint","urlTemplate":"https:\/\/imel.rs\/en\/?s={search_term_string}"},"query-input":{"@type":"PropertyValueSpecification","valueRequired":true,"valueName":"search_term_string"}}],"inLanguage":"en-US"}]}},"_links":{"self":[{"href":"https:\/\/imel.rs\/en\/wp-json\/wp\/v2\/pages\/1307","targetHints":{"allow":["GET"]}}],"collection":[{"href":"https:\/\/imel.rs\/en\/wp-json\/wp\/v2\/pages"}],"about":[{"href":"https:\/\/imel.rs\/en\/wp-json\/wp\/v2\/types\/page"}],"author":[{"embeddable":true,"href":"https:\/\/imel.rs\/en\/wp-json\/wp\/v2\/users\/1"}],"replies":[{"embeddable":true,"href":"https:\/\/imel.rs\/en\/wp-json\/wp\/v2\/comments?post=1307"}],"version-history":[{"count":3,"href":"https:\/\/imel.rs\/en\/wp-json\/wp\/v2\/pages\/1307\/revisions"}],"predecessor-version":[{"id":2390,"href":"https:\/\/imel.rs\/en\/wp-json\/wp\/v2\/pages\/1307\/revisions\/2390"}],"wp:attachment":[{"href":"https:\/\/imel.rs\/en\/wp-json\/wp\/v2\/media?parent=1307"}],"curies":[{"name":"wp","href":"https:\/\/api.w.org\/{rel}","templated":true}]}}